{"id":522,"date":"2026-01-09T20:01:26","date_gmt":"2026-01-09T19:01:26","guid":{"rendered":"https:\/\/taniasalla.com\/?page_id=522"},"modified":"2026-03-18T20:26:15","modified_gmt":"2026-03-18T19:26:15","slug":"sobre-mi","status":"publish","type":"page","link":"https:\/\/taniasalla.com\/en\/sobre-mi\/","title":{"rendered":"About me"},"content":{"rendered":"<div class=\"wp-block-columns is-layout-flex wp-container-core-columns-is-layout-9d6595d7 wp-block-columns-is-layout-flex\">\n<div class=\"wp-block-column is-layout-flow wp-block-column-is-layout-flow\" id=\"AboutMeHERO\">\n<div class=\"wp-block-columns is-layout-flex wp-container-core-columns-is-layout-9d6595d7 wp-block-columns-is-layout-flex\" id=\"AboutMeHEROWrapper\">\n<div class=\"wp-block-column is-layout-flow wp-block-column-is-layout-flow\">\n<h2 class=\"wp-block-heading\">TANIA SALLA<\/h2>\n\n\n\n<h4 class=\"wp-block-heading\">PhD Candidate and Digital Creator<\/h4>\n\n\n\n<p>I research the intersection between design, audiovisual storytelling, and artificial intelligence, exploring how emerging technologies transform content creation and the construction of meaning.<\/p>\n<\/div>\n\n\n\n<div class=\"wp-block-column is-layout-flow wp-block-column-is-layout-flow\"><\/div>\n<\/div>\n<\/div>\n<\/div>\n\n\n<div class=\"yoast-breadcrumbs padding0_20\"><span><span><a href=\"https:\/\/taniasalla.com\/en\/\">Home<\/a><\/span> \u00bb <span class=\"breadcrumb_last\" aria-current=\"page\">About me<\/span><\/span><\/div>\n\n\n<div style=\"height:50px\" aria-hidden=\"true\" class=\"wp-block-spacer\"><\/div>\n\n\n\n<div class=\"wp-block-media-text is-stacked-on-mobile padding_0_150\" style=\"grid-template-columns:34% auto\"><figure class=\"wp-block-media-text__media\"><img loading=\"lazy\" decoding=\"async\" width=\"1920\" height=\"2560\" src=\"https:\/\/taniasalla.com\/wp-content\/uploads\/2026\/01\/20240108_131433.jpg\" alt=\"Fotograf\u00eda de Tania Salla\" class=\"wp-image-606 size-full\"\/><\/figure><div class=\"wp-block-media-text__content\">\n<h2 class=\"wp-block-heading has-text-align-left\">About me<\/h2>\n\n\n\n<p>I am a <strong>PhD candidate in Communication and Journalism,<\/strong>currently studying <strong>Computer Engineering<\/strong>, and a digital creator with a background in <strong>design<\/strong>, <strong>audiovisual production<\/strong> and <strong>3D environments<\/strong>. My work combines creative practice with critical reflection on contemporary content production processes.<br>I am particularly interested in the intersection of <strong>narrative<\/strong>, <strong>technology <\/strong>and <strong>veracity<\/strong>, as well as the impact of <strong>artificial intelligence <\/strong>on the quality, bias and authorship of audiovisual content.<\/p>\n\n\n\n<p><\/p>\n<\/div><\/div>\n\n\n\n<div style=\"height:20px\" aria-hidden=\"true\" class=\"wp-block-spacer\"><\/div>\n\n\n\n<h3 class=\"wp-block-heading has-text-align-center padding0_20\">You can also find me on...<\/h3>\n\n\n\n<div class=\"wp-block-columns is-layout-flex wp-container-core-columns-is-layout-9d6595d7 wp-block-columns-is-layout-flex\">\n<div class=\"wp-block-column padding_0_150 is-layout-flow wp-block-column-is-layout-flow\">\n<div class=\"wp-block-columns is-not-stacked-on-mobile is-layout-flex wp-container-core-columns-is-layout-9d6595d7 wp-block-columns-is-layout-flex\" id=\"collabs_tst\">\n<div class=\"wp-block-column is-vertically-aligned-bottom padding0_20 is-layout-flow wp-block-column-is-layout-flow\" id=\"collabs_tst_wrapper\">\n<figure class=\"wp-block-image size-full is-resized\" id=\"gabinete_img\"><a href=\"https:\/\/www.gabinetecomunicacionyeducacion.com\/es\" target=\"_blank\" rel=\" noreferrer noopener\"><img loading=\"lazy\" decoding=\"async\" width=\"180\" height=\"56\" src=\"https:\/\/taniasalla.com\/wp-content\/uploads\/2026\/03\/logo_gabinete_web.png\" alt=\"Logo Gabinete Comunicaci\u00f3n y Educaci\u00f3n\" class=\"wp-image-1258\" style=\"width:180px\" srcset=\"https:\/\/taniasalla.com\/wp-content\/uploads\/2026\/03\/logo_gabinete_web.png 180w, https:\/\/taniasalla.com\/wp-content\/uploads\/2026\/03\/logo_gabinete_web-18x6.png 18w\" sizes=\"auto, (max-width: 180px) 100vw, 180px\" \/><\/a><\/figure>\n\n\n\n<figure class=\"wp-block-image size-full is-resized\" id=\"dcmedia_img\"><a href=\"https:\/\/dcmediaprojects.es\/\" target=\"_blank\" rel=\" noreferrer noopener\"><img loading=\"lazy\" decoding=\"async\" width=\"697\" height=\"695\" src=\"https:\/\/taniasalla.com\/wp-content\/uploads\/2026\/03\/DCMEDIA_mixed_-e1773672075261.png\" alt=\"Logo DCMedia\" class=\"wp-image-1259\" style=\"width:67px\" srcset=\"https:\/\/taniasalla.com\/wp-content\/uploads\/2026\/03\/DCMEDIA_mixed_-e1773672075261.png 697w, https:\/\/taniasalla.com\/wp-content\/uploads\/2026\/03\/DCMEDIA_mixed_-e1773672075261-300x300.png 300w, https:\/\/taniasalla.com\/wp-content\/uploads\/2026\/03\/DCMEDIA_mixed_-e1773672075261-150x150.png 150w, https:\/\/taniasalla.com\/wp-content\/uploads\/2026\/03\/DCMEDIA_mixed_-e1773672075261-12x12.png 12w, https:\/\/taniasalla.com\/wp-content\/uploads\/2026\/03\/DCMEDIA_mixed_-e1773672075261-500x499.png 500w, https:\/\/taniasalla.com\/wp-content\/uploads\/2026\/03\/DCMEDIA_mixed_-e1773672075261-100x100.png 100w\" sizes=\"auto, (max-width: 697px) 100vw, 697px\" \/><\/a><\/figure>\n<\/div>\n<\/div>\n<\/div>\n<\/div>\n\n\n\n<div style=\"height:50px\" aria-hidden=\"true\" class=\"wp-block-spacer\"><\/div>\n\n\n\n<p><\/p>","protected":false},"excerpt":{"rendered":"<p>TANIA SALLA Doctoranda y creadora digital Investigo la intersecci\u00f3n entre dise\u00f1o, narrativa audiovisual e inteligencia artificial, explorando c\u00f3mo las tecnolog\u00edas emergentes transforman la creaci\u00f3n de contenidos y la construcci\u00f3n de significado. Qui\u00e9n soy Soy doctoranda<span class=\"more-button\"><a href=\"https:\/\/taniasalla.com\/en\/sobre-mi\/\" class=\"more-link\">Continue reading<span class=\"screen-reader-text\">About me<\/span><i class=\"fa fa-angle-right\" aria-hidden=\"true\"><\/i><\/a><\/span><\/p>","protected":false},"author":1,"featured_media":0,"parent":0,"menu_order":0,"comment_status":"closed","ping_status":"closed","template":"","meta":{"_vp_format_video_url":"","_vp_image_focal_point":[],"footnotes":""},"class_list":["post-522","page","type-page","status-publish","hentry"],"yoast_head":"<!-- This site is optimized with the Yoast SEO plugin v27.4 - https:\/\/yoast.com\/product\/yoast-seo-wordpress\/ -->\n<title>Sobre mi - taniasalla<\/title>\n<meta name=\"robots\" content=\"index, follow, max-snippet:-1, max-image-preview:large, max-video-preview:-1\" \/>\n<link rel=\"canonical\" href=\"https:\/\/taniasalla.com\/en\/sobre-mi\/\" \/>\n<meta property=\"og:locale\" content=\"en_GB\" \/>\n<meta property=\"og:type\" content=\"article\" \/>\n<meta property=\"og:title\" content=\"Sobre mi - taniasalla\" \/>\n<meta property=\"og:description\" content=\"TANIA SALLA Doctoranda y creadora digital Investigo la intersecci\u00f3n entre dise\u00f1o, narrativa audiovisual e inteligencia artificial, explorando c\u00f3mo las tecnolog\u00edas emergentes transforman la creaci\u00f3n de contenidos y la construcci\u00f3n de significado. Qui\u00e9n soy Soy doctorandaContinue readingSobre mi\" \/>\n<meta property=\"og:url\" content=\"https:\/\/taniasalla.com\/en\/sobre-mi\/\" \/>\n<meta property=\"og:site_name\" content=\"taniasalla\" \/>\n<meta property=\"article:modified_time\" content=\"2026-03-18T19:26:15+00:00\" \/>\n<meta property=\"og:image\" content=\"https:\/\/taniasalla.com\/wp-content\/uploads\/2026\/01\/20240108_131433.jpg\" \/>\n\t<meta property=\"og:image:width\" content=\"1920\" \/>\n\t<meta property=\"og:image:height\" content=\"2560\" \/>\n\t<meta property=\"og:image:type\" content=\"image\/jpeg\" \/>\n<meta name=\"twitter:card\" content=\"summary_large_image\" \/>\n<meta name=\"twitter:label1\" content=\"Estimated reading time\" \/>\n\t<meta name=\"twitter:data1\" content=\"2 minutes\" \/>\n<script type=\"application\/ld+json\" class=\"yoast-schema-graph\">{\"@context\":\"https:\\\/\\\/schema.org\",\"@graph\":[{\"@type\":\"WebPage\",\"@id\":\"https:\\\/\\\/taniasalla.com\\\/sobre-mi\\\/\",\"url\":\"https:\\\/\\\/taniasalla.com\\\/sobre-mi\\\/\",\"name\":\"Sobre mi - taniasalla\",\"isPartOf\":{\"@id\":\"https:\\\/\\\/taniasalla.com\\\/#website\"},\"primaryImageOfPage\":{\"@id\":\"https:\\\/\\\/taniasalla.com\\\/sobre-mi\\\/#primaryimage\"},\"image\":{\"@id\":\"https:\\\/\\\/taniasalla.com\\\/sobre-mi\\\/#primaryimage\"},\"thumbnailUrl\":\"https:\\\/\\\/taniasalla.com\\\/wp-content\\\/uploads\\\/2026\\\/01\\\/20240108_131433.jpg\",\"datePublished\":\"2026-01-09T19:01:26+00:00\",\"dateModified\":\"2026-03-18T19:26:15+00:00\",\"breadcrumb\":{\"@id\":\"https:\\\/\\\/taniasalla.com\\\/sobre-mi\\\/#breadcrumb\"},\"inLanguage\":\"en-GB\",\"potentialAction\":[{\"@type\":\"ReadAction\",\"target\":[\"https:\\\/\\\/taniasalla.com\\\/sobre-mi\\\/\"]}]},{\"@type\":\"ImageObject\",\"inLanguage\":\"en-GB\",\"@id\":\"https:\\\/\\\/taniasalla.com\\\/sobre-mi\\\/#primaryimage\",\"url\":\"https:\\\/\\\/taniasalla.com\\\/wp-content\\\/uploads\\\/2026\\\/01\\\/20240108_131433.jpg\",\"contentUrl\":\"https:\\\/\\\/taniasalla.com\\\/wp-content\\\/uploads\\\/2026\\\/01\\\/20240108_131433.jpg\"},{\"@type\":\"BreadcrumbList\",\"@id\":\"https:\\\/\\\/taniasalla.com\\\/sobre-mi\\\/#breadcrumb\",\"itemListElement\":[{\"@type\":\"ListItem\",\"position\":1,\"name\":\"Inicio\",\"item\":\"https:\\\/\\\/taniasalla.com\\\/\"},{\"@type\":\"ListItem\",\"position\":2,\"name\":\"Sobre mi\"}]},{\"@type\":\"WebSite\",\"@id\":\"https:\\\/\\\/taniasalla.com\\\/#website\",\"url\":\"https:\\\/\\\/taniasalla.com\\\/\",\"name\":\"taniasalla\",\"description\":\"VFX artist - 3D generalist\",\"publisher\":{\"@id\":\"https:\\\/\\\/taniasalla.com\\\/#\\\/schema\\\/person\\\/71d727135a561dc03dd65f5cb67dcf76\"},\"potentialAction\":[{\"@type\":\"SearchAction\",\"target\":{\"@type\":\"EntryPoint\",\"urlTemplate\":\"https:\\\/\\\/taniasalla.com\\\/?s={search_term_string}\"},\"query-input\":{\"@type\":\"PropertyValueSpecification\",\"valueRequired\":true,\"valueName\":\"search_term_string\"}}],\"inLanguage\":\"en-GB\"},{\"@type\":[\"Person\",\"Organization\"],\"@id\":\"https:\\\/\\\/taniasalla.com\\\/#\\\/schema\\\/person\\\/71d727135a561dc03dd65f5cb67dcf76\",\"name\":\"Tania\",\"image\":{\"@type\":\"ImageObject\",\"inLanguage\":\"en-GB\",\"@id\":\"https:\\\/\\\/taniasalla.com\\\/wp-content\\\/uploads\\\/2026\\\/01\\\/TaniaSalla_LOGO.png\",\"url\":\"https:\\\/\\\/taniasalla.com\\\/wp-content\\\/uploads\\\/2026\\\/01\\\/TaniaSalla_LOGO.png\",\"contentUrl\":\"https:\\\/\\\/taniasalla.com\\\/wp-content\\\/uploads\\\/2026\\\/01\\\/TaniaSalla_LOGO.png\",\"width\":976,\"height\":592,\"caption\":\"Tania\"},\"logo\":{\"@id\":\"https:\\\/\\\/taniasalla.com\\\/wp-content\\\/uploads\\\/2026\\\/01\\\/TaniaSalla_LOGO.png\"},\"sameAs\":[\"https:\\\/\\\/taniasalla.com\"]}]}<\/script>\n<!-- \/ Yoast SEO plugin. -->","yoast_head_json":{"title":"Sobre mi - taniasalla","robots":{"index":"index","follow":"follow","max-snippet":"max-snippet:-1","max-image-preview":"max-image-preview:large","max-video-preview":"max-video-preview:-1"},"canonical":"https:\/\/taniasalla.com\/en\/sobre-mi\/","og_locale":"en_GB","og_type":"article","og_title":"Sobre mi - taniasalla","og_description":"TANIA SALLA Doctoranda y creadora digital Investigo la intersecci\u00f3n entre dise\u00f1o, narrativa audiovisual e inteligencia artificial, explorando c\u00f3mo las tecnolog\u00edas emergentes transforman la creaci\u00f3n de contenidos y la construcci\u00f3n de significado. Qui\u00e9n soy Soy doctorandaContinue readingSobre mi","og_url":"https:\/\/taniasalla.com\/en\/sobre-mi\/","og_site_name":"taniasalla","article_modified_time":"2026-03-18T19:26:15+00:00","og_image":[{"width":1920,"height":2560,"url":"https:\/\/taniasalla.com\/wp-content\/uploads\/2026\/01\/20240108_131433.jpg","type":"image\/jpeg"}],"twitter_card":"summary_large_image","twitter_misc":{"Estimated reading time":"2 minutes"},"schema":{"@context":"https:\/\/schema.org","@graph":[{"@type":"WebPage","@id":"https:\/\/taniasalla.com\/sobre-mi\/","url":"https:\/\/taniasalla.com\/sobre-mi\/","name":"Sobre mi - taniasalla","isPartOf":{"@id":"https:\/\/taniasalla.com\/#website"},"primaryImageOfPage":{"@id":"https:\/\/taniasalla.com\/sobre-mi\/#primaryimage"},"image":{"@id":"https:\/\/taniasalla.com\/sobre-mi\/#primaryimage"},"thumbnailUrl":"https:\/\/taniasalla.com\/wp-content\/uploads\/2026\/01\/20240108_131433.jpg","datePublished":"2026-01-09T19:01:26+00:00","dateModified":"2026-03-18T19:26:15+00:00","breadcrumb":{"@id":"https:\/\/taniasalla.com\/sobre-mi\/#breadcrumb"},"inLanguage":"en-GB","potentialAction":[{"@type":"ReadAction","target":["https:\/\/taniasalla.com\/sobre-mi\/"]}]},{"@type":"ImageObject","inLanguage":"en-GB","@id":"https:\/\/taniasalla.com\/sobre-mi\/#primaryimage","url":"https:\/\/taniasalla.com\/wp-content\/uploads\/2026\/01\/20240108_131433.jpg","contentUrl":"https:\/\/taniasalla.com\/wp-content\/uploads\/2026\/01\/20240108_131433.jpg"},{"@type":"BreadcrumbList","@id":"https:\/\/taniasalla.com\/sobre-mi\/#breadcrumb","itemListElement":[{"@type":"ListItem","position":1,"name":"Inicio","item":"https:\/\/taniasalla.com\/"},{"@type":"ListItem","position":2,"name":"Sobre mi"}]},{"@type":"WebSite","@id":"https:\/\/taniasalla.com\/#website","url":"https:\/\/taniasalla.com\/","name":"taniasalla","description":"VFX artist - 3D generalist","publisher":{"@id":"https:\/\/taniasalla.com\/#\/schema\/person\/71d727135a561dc03dd65f5cb67dcf76"},"potentialAction":[{"@type":"SearchAction","target":{"@type":"EntryPoint","urlTemplate":"https:\/\/taniasalla.com\/?s={search_term_string}"},"query-input":{"@type":"PropertyValueSpecification","valueRequired":true,"valueName":"search_term_string"}}],"inLanguage":"en-GB"},{"@type":["Person","Organization"],"@id":"https:\/\/taniasalla.com\/#\/schema\/person\/71d727135a561dc03dd65f5cb67dcf76","name":"Tania","image":{"@type":"ImageObject","inLanguage":"en-GB","@id":"https:\/\/taniasalla.com\/wp-content\/uploads\/2026\/01\/TaniaSalla_LOGO.png","url":"https:\/\/taniasalla.com\/wp-content\/uploads\/2026\/01\/TaniaSalla_LOGO.png","contentUrl":"https:\/\/taniasalla.com\/wp-content\/uploads\/2026\/01\/TaniaSalla_LOGO.png","width":976,"height":592,"caption":"Tania"},"logo":{"@id":"https:\/\/taniasalla.com\/wp-content\/uploads\/2026\/01\/TaniaSalla_LOGO.png"},"sameAs":["https:\/\/taniasalla.com"]}]}},"_links":{"self":[{"href":"https:\/\/taniasalla.com\/en\/wp-json\/wp\/v2\/pages\/522","targetHints":{"allow":["GET"]}}],"collection":[{"href":"https:\/\/taniasalla.com\/en\/wp-json\/wp\/v2\/pages"}],"about":[{"href":"https:\/\/taniasalla.com\/en\/wp-json\/wp\/v2\/types\/page"}],"author":[{"embeddable":true,"href":"https:\/\/taniasalla.com\/en\/wp-json\/wp\/v2\/users\/1"}],"replies":[{"embeddable":true,"href":"https:\/\/taniasalla.com\/en\/wp-json\/wp\/v2\/comments?post=522"}],"version-history":[{"count":46,"href":"https:\/\/taniasalla.com\/en\/wp-json\/wp\/v2\/pages\/522\/revisions"}],"predecessor-version":[{"id":1320,"href":"https:\/\/taniasalla.com\/en\/wp-json\/wp\/v2\/pages\/522\/revisions\/1320"}],"wp:attachment":[{"href":"https:\/\/taniasalla.com\/en\/wp-json\/wp\/v2\/media?parent=522"}],"curies":[{"name":"wp","href":"https:\/\/api.w.org\/{rel}","templated":true}]}}