{"id":415,"date":"2026-01-08T12:08:08","date_gmt":"2026-01-08T11:08:08","guid":{"rendered":"https:\/\/taniasalla.com\/?page_id=415"},"modified":"2026-03-14T13:04:23","modified_gmt":"2026-03-14T12:04:23","slug":"politica-de-cookies","status":"publish","type":"page","link":"https:\/\/taniasalla.com\/en\/politica-de-cookies\/","title":{"rendered":"Cookie Policy"},"content":{"rendered":"<div class=\"yoast-breadcrumbs\"><span><span><a href=\"https:\/\/taniasalla.com\/en\/\">Home<\/a><\/span> \u00bb <span class=\"breadcrumb_last\" aria-current=\"page\">Cookie Policy<\/span><\/span><\/div>\n\n\n<div style=\"height:50px\" aria-hidden=\"true\" class=\"wp-block-spacer\"><\/div>\n\n\n\n<p>A trav\u00e9s de este sitio web no se recaban datos de car\u00e1cter personal de los usuarios sin su consentimiento, ni se ceden a terceros.<\/p>\n\n\n\n<p>Con la finalidad de ofrecerle el mejor servicio y con el objeto de facilitar el uso, se analizan el n\u00famero de p\u00e1ginas visitadas, el n\u00famero de visitas, as\u00ed como la actividad de los visitantes y su frecuencia de utilizaci\u00f3n. A estos efectos, Tania Salla utiliza la informaci\u00f3n estad\u00edstica elaborada por el Proveedor de Servicios de Internet.<\/p>\n\n\n\n<p>Tania Salla no utiliza cookies para recoger informaci\u00f3n de los usuarios, ni registra las direcciones IP de acceso. \u00danicamente se utilizan cookies propias, de sesi\u00f3n, con finalidad t\u00e9cnica (aquellas que permiten al usuario la navegaci\u00f3n a trav\u00e9s del sitio web y la utilizaci\u00f3n de las diferentes opciones y servicios que en ella existen).<\/p>\n\n\n\n<p>El portal del que es titular Tania Salla contiene enlaces a sitios web de terceros, cuyas pol\u00edticas de privacidad son ajenas a Tania Salla. Al acceder a tales sitios web usted puede decidir si acepta sus pol\u00edticas de privacidad y de cookies. Con car\u00e1cter general, si navega por internet usted puede aceptar o rechazar las cookies de terceros desde las opciones de configuraci\u00f3n de su navegador.<\/p>\n\n\n\n<h4 class=\"wp-block-heading\">\u00bfQu\u00e9 son las cookies?<\/h4>\n\n\n\n<p>Son peque\u00f1os archivos que se env\u00edan a tu navegador y se almacenan en tu dispositivo. Se pueden utilizar para guardar cierto tipo de informaci\u00f3n.<\/p>\n\n\n\n<p>Tania Salla, titular de este sitio, le informa que esta p\u00e1gina web solo utiliza cookies exentas o las necesarias para la navegaci\u00f3n, pero no recoge cookies para acciones propias.<\/p>\n\n\n\n<p>Las cookies constituyen procedimientos autom\u00e1ticos de recogida de informaci\u00f3n relativa a las preferencias determinadas por un usuario de Internet durante su visita a un determinado sitio web con el fin de reconocerlo como usuario recurrente y personalizar su uso y facilitar una navegaci\u00f3n m\u00e1s r\u00e1pida.<\/p>\n\n\n\n<p>El usuario puede configurar su navegador para aceptar o rechazar por defecto todas las cookies o para recibir un aviso en pantalla de la recepci\u00f3n de cada cookie y decidir en ese momento su implantaci\u00f3n o no en su disco duro. Los procedimientos para el bloqueo y eliminaci\u00f3n de las cookies pueden diferir de un navegador de Internet a otro, por lo que el<\/p>\n\n\n\n<p>usuario deber\u00e1 acudir a las instrucciones facilitadas por el navegador de Internet. En caso de que el usuario desee rechazar la utilizaci\u00f3n de cookies, puede tener limitado el uso de algunas de las prestaciones.<\/p>\n\n\n\n<p>TANIA SALLA NO REALIZA TRANSFERENCIAS INTERNACIONALES DE DATOS.<\/p>\n\n\n\n<h4 class=\"wp-block-heading\">Privacidad<\/h4>\n\n\n\n<p>En referencia a los datos personales, se reconocen y atienden los derechos que determina la normativa vigente. Puedes solicitar acceso a los datos personales, su rectificaci\u00f3n, oposici\u00f3n, la portabilidad y eliminaci\u00f3n de los datos, incluido el derecho al olvido y la estricci\u00f3n a las actividades de procesamiento.<\/p>\n\n\n\n<p>M\u00e1s informaci\u00f3n en: taniasalla.com<\/p>\n\n\n\n<div style=\"height:50px\" aria-hidden=\"true\" class=\"wp-block-spacer\"><\/div>","protected":false},"excerpt":{"rendered":"<p>A trav\u00e9s de este sitio web no se recaban datos de car\u00e1cter personal de los usuarios sin su consentimiento, ni se ceden a terceros. Con la finalidad de ofrecerle el mejor servicio y con el<span class=\"more-button\"><a href=\"https:\/\/taniasalla.com\/en\/politica-de-cookies\/\" class=\"more-link\">Continue reading<span class=\"screen-reader-text\">Cookie Policy<\/span><i class=\"fa fa-angle-right\" aria-hidden=\"true\"><\/i><\/a><\/span><\/p>","protected":false},"author":1,"featured_media":0,"parent":0,"menu_order":0,"comment_status":"closed","ping_status":"closed","template":"","meta":{"_vp_format_video_url":"","_vp_image_focal_point":[],"footnotes":""},"class_list":["post-415","page","type-page","status-publish","hentry"],"yoast_head":"<!-- This site is optimized with the Yoast SEO plugin v27.4 - https:\/\/yoast.com\/product\/yoast-seo-wordpress\/ -->\n<title>Pol\u00edtica de cookies - taniasalla<\/title>\n<meta name=\"robots\" content=\"index, follow, max-snippet:-1, max-image-preview:large, max-video-preview:-1\" \/>\n<link rel=\"canonical\" href=\"https:\/\/taniasalla.com\/en\/politica-de-cookies\/\" \/>\n<meta property=\"og:locale\" content=\"en_GB\" \/>\n<meta property=\"og:type\" content=\"article\" \/>\n<meta property=\"og:title\" content=\"Pol\u00edtica de cookies - taniasalla\" \/>\n<meta property=\"og:description\" content=\"A trav\u00e9s de este sitio web no se recaban datos de car\u00e1cter personal de los usuarios sin su consentimiento, ni se ceden a terceros. Con la finalidad de ofrecerle el mejor servicio y con elContinue readingPol\u00edtica de cookies\" \/>\n<meta property=\"og:url\" content=\"https:\/\/taniasalla.com\/en\/politica-de-cookies\/\" \/>\n<meta property=\"og:site_name\" content=\"taniasalla\" \/>\n<meta property=\"article:modified_time\" content=\"2026-03-14T12:04:23+00:00\" \/>\n<meta name=\"twitter:card\" content=\"summary_large_image\" \/>\n<meta name=\"twitter:label1\" content=\"Estimated reading time\" \/>\n\t<meta name=\"twitter:data1\" content=\"3 minutes\" \/>\n<script type=\"application\/ld+json\" class=\"yoast-schema-graph\">{\"@context\":\"https:\\\/\\\/schema.org\",\"@graph\":[{\"@type\":\"WebPage\",\"@id\":\"https:\\\/\\\/taniasalla.com\\\/politica-de-cookies\\\/\",\"url\":\"https:\\\/\\\/taniasalla.com\\\/politica-de-cookies\\\/\",\"name\":\"Pol\u00edtica de cookies - taniasalla\",\"isPartOf\":{\"@id\":\"https:\\\/\\\/taniasalla.com\\\/#website\"},\"datePublished\":\"2026-01-08T11:08:08+00:00\",\"dateModified\":\"2026-03-14T12:04:23+00:00\",\"breadcrumb\":{\"@id\":\"https:\\\/\\\/taniasalla.com\\\/politica-de-cookies\\\/#breadcrumb\"},\"inLanguage\":\"en-GB\",\"potentialAction\":[{\"@type\":\"ReadAction\",\"target\":[\"https:\\\/\\\/taniasalla.com\\\/politica-de-cookies\\\/\"]}]},{\"@type\":\"BreadcrumbList\",\"@id\":\"https:\\\/\\\/taniasalla.com\\\/politica-de-cookies\\\/#breadcrumb\",\"itemListElement\":[{\"@type\":\"ListItem\",\"position\":1,\"name\":\"Inicio\",\"item\":\"https:\\\/\\\/taniasalla.com\\\/\"},{\"@type\":\"ListItem\",\"position\":2,\"name\":\"Pol\u00edtica de cookies\"}]},{\"@type\":\"WebSite\",\"@id\":\"https:\\\/\\\/taniasalla.com\\\/#website\",\"url\":\"https:\\\/\\\/taniasalla.com\\\/\",\"name\":\"taniasalla\",\"description\":\"VFX artist - 3D generalist\",\"publisher\":{\"@id\":\"https:\\\/\\\/taniasalla.com\\\/#\\\/schema\\\/person\\\/71d727135a561dc03dd65f5cb67dcf76\"},\"potentialAction\":[{\"@type\":\"SearchAction\",\"target\":{\"@type\":\"EntryPoint\",\"urlTemplate\":\"https:\\\/\\\/taniasalla.com\\\/?s={search_term_string}\"},\"query-input\":{\"@type\":\"PropertyValueSpecification\",\"valueRequired\":true,\"valueName\":\"search_term_string\"}}],\"inLanguage\":\"en-GB\"},{\"@type\":[\"Person\",\"Organization\"],\"@id\":\"https:\\\/\\\/taniasalla.com\\\/#\\\/schema\\\/person\\\/71d727135a561dc03dd65f5cb67dcf76\",\"name\":\"Tania\",\"image\":{\"@type\":\"ImageObject\",\"inLanguage\":\"en-GB\",\"@id\":\"https:\\\/\\\/taniasalla.com\\\/wp-content\\\/uploads\\\/2026\\\/01\\\/TaniaSalla_LOGO.png\",\"url\":\"https:\\\/\\\/taniasalla.com\\\/wp-content\\\/uploads\\\/2026\\\/01\\\/TaniaSalla_LOGO.png\",\"contentUrl\":\"https:\\\/\\\/taniasalla.com\\\/wp-content\\\/uploads\\\/2026\\\/01\\\/TaniaSalla_LOGO.png\",\"width\":976,\"height\":592,\"caption\":\"Tania\"},\"logo\":{\"@id\":\"https:\\\/\\\/taniasalla.com\\\/wp-content\\\/uploads\\\/2026\\\/01\\\/TaniaSalla_LOGO.png\"},\"sameAs\":[\"https:\\\/\\\/taniasalla.com\"]}]}<\/script>\n<!-- \/ Yoast SEO plugin. -->","yoast_head_json":{"title":"Pol\u00edtica de cookies - taniasalla","robots":{"index":"index","follow":"follow","max-snippet":"max-snippet:-1","max-image-preview":"max-image-preview:large","max-video-preview":"max-video-preview:-1"},"canonical":"https:\/\/taniasalla.com\/en\/politica-de-cookies\/","og_locale":"en_GB","og_type":"article","og_title":"Pol\u00edtica de cookies - taniasalla","og_description":"A trav\u00e9s de este sitio web no se recaban datos de car\u00e1cter personal de los usuarios sin su consentimiento, ni se ceden a terceros. Con la finalidad de ofrecerle el mejor servicio y con elContinue readingPol\u00edtica de cookies","og_url":"https:\/\/taniasalla.com\/en\/politica-de-cookies\/","og_site_name":"taniasalla","article_modified_time":"2026-03-14T12:04:23+00:00","twitter_card":"summary_large_image","twitter_misc":{"Estimated reading time":"3 minutes"},"schema":{"@context":"https:\/\/schema.org","@graph":[{"@type":"WebPage","@id":"https:\/\/taniasalla.com\/politica-de-cookies\/","url":"https:\/\/taniasalla.com\/politica-de-cookies\/","name":"Pol\u00edtica de cookies - taniasalla","isPartOf":{"@id":"https:\/\/taniasalla.com\/#website"},"datePublished":"2026-01-08T11:08:08+00:00","dateModified":"2026-03-14T12:04:23+00:00","breadcrumb":{"@id":"https:\/\/taniasalla.com\/politica-de-cookies\/#breadcrumb"},"inLanguage":"en-GB","potentialAction":[{"@type":"ReadAction","target":["https:\/\/taniasalla.com\/politica-de-cookies\/"]}]},{"@type":"BreadcrumbList","@id":"https:\/\/taniasalla.com\/politica-de-cookies\/#breadcrumb","itemListElement":[{"@type":"ListItem","position":1,"name":"Inicio","item":"https:\/\/taniasalla.com\/"},{"@type":"ListItem","position":2,"name":"Pol\u00edtica de cookies"}]},{"@type":"WebSite","@id":"https:\/\/taniasalla.com\/#website","url":"https:\/\/taniasalla.com\/","name":"taniasalla","description":"VFX artist - 3D generalist","publisher":{"@id":"https:\/\/taniasalla.com\/#\/schema\/person\/71d727135a561dc03dd65f5cb67dcf76"},"potentialAction":[{"@type":"SearchAction","target":{"@type":"EntryPoint","urlTemplate":"https:\/\/taniasalla.com\/?s={search_term_string}"},"query-input":{"@type":"PropertyValueSpecification","valueRequired":true,"valueName":"search_term_string"}}],"inLanguage":"en-GB"},{"@type":["Person","Organization"],"@id":"https:\/\/taniasalla.com\/#\/schema\/person\/71d727135a561dc03dd65f5cb67dcf76","name":"Tania","image":{"@type":"ImageObject","inLanguage":"en-GB","@id":"https:\/\/taniasalla.com\/wp-content\/uploads\/2026\/01\/TaniaSalla_LOGO.png","url":"https:\/\/taniasalla.com\/wp-content\/uploads\/2026\/01\/TaniaSalla_LOGO.png","contentUrl":"https:\/\/taniasalla.com\/wp-content\/uploads\/2026\/01\/TaniaSalla_LOGO.png","width":976,"height":592,"caption":"Tania"},"logo":{"@id":"https:\/\/taniasalla.com\/wp-content\/uploads\/2026\/01\/TaniaSalla_LOGO.png"},"sameAs":["https:\/\/taniasalla.com"]}]}},"_links":{"self":[{"href":"https:\/\/taniasalla.com\/en\/wp-json\/wp\/v2\/pages\/415","targetHints":{"allow":["GET"]}}],"collection":[{"href":"https:\/\/taniasalla.com\/en\/wp-json\/wp\/v2\/pages"}],"about":[{"href":"https:\/\/taniasalla.com\/en\/wp-json\/wp\/v2\/types\/page"}],"author":[{"embeddable":true,"href":"https:\/\/taniasalla.com\/en\/wp-json\/wp\/v2\/users\/1"}],"replies":[{"embeddable":true,"href":"https:\/\/taniasalla.com\/en\/wp-json\/wp\/v2\/comments?post=415"}],"version-history":[{"count":3,"href":"https:\/\/taniasalla.com\/en\/wp-json\/wp\/v2\/pages\/415\/revisions"}],"predecessor-version":[{"id":1228,"href":"https:\/\/taniasalla.com\/en\/wp-json\/wp\/v2\/pages\/415\/revisions\/1228"}],"wp:attachment":[{"href":"https:\/\/taniasalla.com\/en\/wp-json\/wp\/v2\/media?parent=415"}],"curies":[{"name":"wp","href":"https:\/\/api.w.org\/{rel}","templated":true}]}}