{"id":413,"date":"2026-01-08T12:07:42","date_gmt":"2026-01-08T11:07:42","guid":{"rendered":"https:\/\/taniasalla.com\/?page_id=413"},"modified":"2026-04-06T20:20:10","modified_gmt":"2026-04-06T18:20:10","slug":"datos-personales","status":"publish","type":"page","link":"https:\/\/taniasalla.com\/en\/datos-personales\/","title":{"rendered":"Personal Data"},"content":{"rendered":"<div class=\"yoast-breadcrumbs\"><span><span><a href=\"https:\/\/taniasalla.com\/en\/\">Home<\/a><\/span> \u00bb <span class=\"breadcrumb_last\" aria-current=\"page\">Personal Data<\/span><\/span><\/div>\n\n\n<div style=\"height:50px\" aria-hidden=\"true\" class=\"wp-block-spacer\"><\/div>\n\n\n\n<h4 class=\"wp-block-heading\">Informaci\u00f3n General<\/h4>\n\n\n\n<p>El presente es un aviso de obligada lectura y aceptaci\u00f3n, ya que regula las condiciones de uso que deben ser observadas y respetadas por las empresas y personas usuarias de este SITIO WEB corporativo de Tania Salla. Es importante leerlo atentamente, ya que el hecho de acceder a ella y visualizar o utilizar sus contenidos y funcionalidades implica que el usuario est\u00e1 siendo informado de sus derechos en materia de protecci\u00f3n de datos personales.<\/p>\n\n\n\n<p>Se hace constar que la titular de este sitio web y de la aplicaci\u00f3n <em>Una Estrella con Nombre\/El Nom d&#8217;una Estrella<\/em> no recaba ni cede datos personales. No obstante, la aplicaci\u00f3n utiliza dos plugins de terceros (<a href=\"https:\/\/www.ptc.com\/en\/documents\/policies\/privacy\" target=\"_blank\" rel=\"noreferrer noopener\">Vuforia AR <\/a>and <a href=\"https:\/\/policies.google.com\/privacy\" type=\"link\" id=\"https:\/\/policies.google.com\/privacy\" target=\"_blank\" rel=\"noreferrer noopener\">Google Cardboard<\/a>). Se recomienda consultar sus pol\u00edticas de privacidad.<\/p>\n\n\n\n<h6 class=\"wp-block-heading\">TABLA INFORMATIVA B\u00c1SICA SOBRE PROTECCI\u00d3N DE DATOS PERSONALES<\/h6>\n\n\n\n<figure class=\"wp-block-table\"><table class=\"has-fixed-layout\"><tbody><tr><td><strong>RESPONSABLE<\/strong><strong><\/strong><\/td><td>Tania Salla &nbsp;<\/td><\/tr><tr><td><strong>FINALIDAD<\/strong><strong><\/strong><\/td><td>Tratamiento para la finalidad que motiva la relaci\u00f3n establecida.<\/td><\/tr><tr><td><strong>LEGITIMACI\u00d3N<\/strong><strong><\/strong><\/td><td>Consentimiento del interesado o relaci\u00f3n contractual<\/td><\/tr><tr><td><strong>DESTINATARIOS<\/strong><strong><\/strong><\/td><td>No se ceden datos a terceros<\/td><\/tr><tr><td><strong>ORIGEN DE LOS DATOS<\/strong><\/td><td>Facilitados por el interesado<\/td><\/tr><tr><td><strong>CONFIDENCIALIDAD, MEDIDAS DE SEGURIDAD Y FINALIDAD<\/strong><\/td><td>Los Datos ser\u00e1n tratados por personas sujetas de secreto profesional y\/o confidencialidad. Las medidas de seguridad aplicadas a los tratamientos son las que determina la normativa e inspiradas en el Esquema Nacional de Seguridad. La finalidad del tratamiento es la que se deriva de la relaci\u00f3n establecida.<\/td><\/tr><tr><td><strong>CONSERVACI\u00d3N<\/strong><strong><\/strong><\/td><td>Los datos personales s\u00f3lo ser conservar\u00e1n en lo que dure la relaci\u00f3n contractual y, en cualquier caso, lo que determine la legislaci\u00f3n aplicable.<\/td><\/tr><tr><td><strong>DERECHOS<\/strong><strong><\/strong><\/td><td>El interesado puede solicitar el acceder, rectificar, suprimir, oponerse, limitar y portar sus datos personales mediante escrito dirigido al responsable del tratamiento.<\/td><\/tr><tr><td><strong>DPD<\/strong><strong><\/strong><\/td><td>taniasalla@taniasalla.com<\/td><\/tr><\/tbody><\/table><\/figure>\n\n\n\n<p>El usuario no podr\u00e1 registrarse en este portal sin expresar su consentimiento expreso en los lugares de captaci\u00f3n de datos personales.<\/p>\n\n\n\n<p>Se informa de que el titular del sitio web y del tratamiento de datos personales es:<\/p>\n\n\n\n<p>Tania Salla, la cual tambi\u00e9n es la Responsable del Tratamiento de los datos personales de las personas f\u00edsicas que los faciliten o cedan a trav\u00e9s de esta WEB.<\/p>\n\n\n\n<p>La informaci\u00f3n que sea facilitada por el usuario, pasar\u00e1 a formar parte de la base de datos de esta organizaci\u00f3n. El usuario tiene derecho a consultar y modificar sus datos o darse de baja de dicha base de datos, en cualquier momento, y a ejercitar cualesquiera otros derechos reconocidos por la legislaci\u00f3n vigente.<\/p>\n\n\n\n<p>El titular de este sitio web se compromete a tratar los datos exclusivamente para la relaci\u00f3n establecida y a no facilitar los datos recabados en este sitio a terceros sin consentimiento, salvo imperativo legal o alguna otra fuente legitimadora, de conformidad con lo recogido en la legislaci\u00f3n vigente. El usuario puede recibir informaci\u00f3n de su inter\u00e9s por cualquier medio,<\/p>\n\n\n\n<p>incluido el telem\u00e1tico. No obstante, puede darse de baja de la lista de distribuci\u00f3n, en caso de figurar en alguna, en cualquier momento, salvo que sus datos ya deban ser conservados por esta entidad por mandato u obligaci\u00f3n legal o alguna otra fuente legitimadora, de conformidad<\/p>\n\n\n\n<p>con lo recogido en la legislaci\u00f3n vigente.<\/p>\n\n\n\n<p>Es responsabilidad del usuario y as\u00ed lo reconoce, el notificar a esta organizaci\u00f3n cualquier cambio en la informaci\u00f3n o en los datos personales facilitados.<\/p>\n\n\n\n<h4 class=\"wp-block-heading\">Informaci\u00f3n adicional<\/h4>\n\n\n\n<p>El titular de este sitio web tiene implementados procedimientos de seguridad proactiva en materia de protecci\u00f3n de datos personales y aplica medidas de seguridad por defecto y desde el dise\u00f1o de cualquier tratamiento.<\/p>\n\n\n\n<p>El usuario, al introducir sus datos de alta inicial y \/o acceso o en formularios de captaci\u00f3n de este sitio web, debe prestar su consentimiento para el tratamiento de sus datos personales de forma libre, informada, espec\u00edfica e inequ\u00edvoca, para la finalidad que propicia la relaci\u00f3n entre \u00e9l y esta entidad. La aceptaci\u00f3n de acceder a este portal por parte del usuario es una decisi\u00f3n considerada como libre, por cuanto este puede decidir no entrar, si as\u00ed lo desea. Es un acto de manifestaci\u00f3n de su voluntad.<\/p>\n\n\n\n<p>La aceptaci\u00f3n de acceder a este sitio por parte del usuario es una decisi\u00f3n considerada como informada, por cuanto se le explica en este documento todas las obligaciones y normas que debe contemplar y sus consecuencias, en caso de que finalmente decida acceder a este sitio.<\/p>\n\n\n\n<p>La aceptaci\u00f3n de acceder a este sitio por parte del usuario es una decisi\u00f3n considerada como espec\u00edfica, ya que el tratamiento de datos personales que pueda ir asociado al acceso y navegaci\u00f3n por este sitio, solo lo ser\u00e1 para dar cumplimiento a la relaci\u00f3n que se establece entre el usuario y esta entidad. La aceptaci\u00f3n de acceder a este sitio por parte del usuario es una decisi\u00f3n considerada como inequ\u00edvoca, porque el usuario es debidamente informado del tratamiento de sus datos en cada momento, y el usuario lo consiente sin que de los textos o explicaciones sobre lo que se har\u00e1 con sus datos personales, pueda entenderse otra finalidad distinta a la que presta su consentimiento.<\/p>\n\n\n\n<p><strong>IMPORTANTE: <\/strong>Cualquier informaci\u00f3n aportada por el usuario mediante los mecanismos para adjuntar archivos presentes en este portal, es de car\u00e1cter voluntaria por parte del usuario, y este reconoce que dispone de la legitimaci\u00f3n legal suficiente para realizar tales entregas de<\/p>\n\n\n\n<p>documentos y que, en caso de que los documentos o informaciones adjuntadas contengan datos de car\u00e1cter personal del usuario o de terceras personas, manifiesta expresamente que dispone del consentimiento de los<\/p>\n\n\n\n<p>afectados para tal cesi\u00f3n o amparo legal suficiente y habilitante para hacerlo.<\/p>\n\n\n\n<p>En este sentido, la entidad emprender\u00e1 las acciones legales oportunas en defensa de sus intereses si resulta perjudicada por la entrega de<\/p>\n\n\n\n<p>documentos por parte de los usuarios sin que se disponga de los requisitos que legalmente le sean exigibles como, por ejemplo, el consentimiento de terceros.<\/p>\n\n\n\n<div style=\"height:50px\" aria-hidden=\"true\" class=\"wp-block-spacer\"><\/div>","protected":false},"excerpt":{"rendered":"<p>Informaci\u00f3n General El presente es un aviso de obligada lectura y aceptaci\u00f3n, ya que regula las condiciones de uso que deben ser observadas y respetadas por las empresas y personas usuarias de este SITIO WEB<span class=\"more-button\"><a href=\"https:\/\/taniasalla.com\/en\/datos-personales\/\" class=\"more-link\">Continue reading<span class=\"screen-reader-text\">Personal Data<\/span><i class=\"fa fa-angle-right\" aria-hidden=\"true\"><\/i><\/a><\/span><\/p>","protected":false},"author":1,"featured_media":0,"parent":0,"menu_order":0,"comment_status":"closed","ping_status":"closed","template":"","meta":{"_vp_format_video_url":"","_vp_image_focal_point":[],"footnotes":""},"class_list":["post-413","page","type-page","status-publish","hentry"],"yoast_head":"<!-- This site is optimized with the Yoast SEO plugin v27.4 - https:\/\/yoast.com\/product\/yoast-seo-wordpress\/ -->\n<title>Datos personales - taniasalla<\/title>\n<meta name=\"robots\" content=\"index, follow, max-snippet:-1, max-image-preview:large, max-video-preview:-1\" \/>\n<link rel=\"canonical\" href=\"https:\/\/taniasalla.com\/en\/datos-personales\/\" \/>\n<meta property=\"og:locale\" content=\"en_GB\" \/>\n<meta property=\"og:type\" content=\"article\" \/>\n<meta property=\"og:title\" content=\"Datos personales - taniasalla\" \/>\n<meta property=\"og:description\" content=\"Informaci\u00f3n General El presente es un aviso de obligada lectura y aceptaci\u00f3n, ya que regula las condiciones de uso que deben ser observadas y respetadas por las empresas y personas usuarias de este SITIO WEBContinue readingDatos personales\" \/>\n<meta property=\"og:url\" content=\"https:\/\/taniasalla.com\/en\/datos-personales\/\" \/>\n<meta property=\"og:site_name\" content=\"taniasalla\" \/>\n<meta property=\"article:modified_time\" content=\"2026-04-06T18:20:10+00:00\" \/>\n<meta name=\"twitter:card\" content=\"summary_large_image\" \/>\n<meta name=\"twitter:label1\" content=\"Estimated reading time\" \/>\n\t<meta name=\"twitter:data1\" content=\"5 minutes\" \/>\n<script type=\"application\/ld+json\" class=\"yoast-schema-graph\">{\"@context\":\"https:\\\/\\\/schema.org\",\"@graph\":[{\"@type\":\"WebPage\",\"@id\":\"https:\\\/\\\/taniasalla.com\\\/datos-personales\\\/\",\"url\":\"https:\\\/\\\/taniasalla.com\\\/datos-personales\\\/\",\"name\":\"Datos personales - taniasalla\",\"isPartOf\":{\"@id\":\"https:\\\/\\\/taniasalla.com\\\/#website\"},\"datePublished\":\"2026-01-08T11:07:42+00:00\",\"dateModified\":\"2026-04-06T18:20:10+00:00\",\"breadcrumb\":{\"@id\":\"https:\\\/\\\/taniasalla.com\\\/datos-personales\\\/#breadcrumb\"},\"inLanguage\":\"en-GB\",\"potentialAction\":[{\"@type\":\"ReadAction\",\"target\":[\"https:\\\/\\\/taniasalla.com\\\/datos-personales\\\/\"]}]},{\"@type\":\"BreadcrumbList\",\"@id\":\"https:\\\/\\\/taniasalla.com\\\/datos-personales\\\/#breadcrumb\",\"itemListElement\":[{\"@type\":\"ListItem\",\"position\":1,\"name\":\"Inicio\",\"item\":\"https:\\\/\\\/taniasalla.com\\\/\"},{\"@type\":\"ListItem\",\"position\":2,\"name\":\"Datos personales\"}]},{\"@type\":\"WebSite\",\"@id\":\"https:\\\/\\\/taniasalla.com\\\/#website\",\"url\":\"https:\\\/\\\/taniasalla.com\\\/\",\"name\":\"taniasalla\",\"description\":\"VFX artist - 3D generalist\",\"publisher\":{\"@id\":\"https:\\\/\\\/taniasalla.com\\\/#\\\/schema\\\/person\\\/71d727135a561dc03dd65f5cb67dcf76\"},\"potentialAction\":[{\"@type\":\"SearchAction\",\"target\":{\"@type\":\"EntryPoint\",\"urlTemplate\":\"https:\\\/\\\/taniasalla.com\\\/?s={search_term_string}\"},\"query-input\":{\"@type\":\"PropertyValueSpecification\",\"valueRequired\":true,\"valueName\":\"search_term_string\"}}],\"inLanguage\":\"en-GB\"},{\"@type\":[\"Person\",\"Organization\"],\"@id\":\"https:\\\/\\\/taniasalla.com\\\/#\\\/schema\\\/person\\\/71d727135a561dc03dd65f5cb67dcf76\",\"name\":\"Tania\",\"image\":{\"@type\":\"ImageObject\",\"inLanguage\":\"en-GB\",\"@id\":\"https:\\\/\\\/taniasalla.com\\\/wp-content\\\/uploads\\\/2026\\\/01\\\/TaniaSalla_LOGO.png\",\"url\":\"https:\\\/\\\/taniasalla.com\\\/wp-content\\\/uploads\\\/2026\\\/01\\\/TaniaSalla_LOGO.png\",\"contentUrl\":\"https:\\\/\\\/taniasalla.com\\\/wp-content\\\/uploads\\\/2026\\\/01\\\/TaniaSalla_LOGO.png\",\"width\":976,\"height\":592,\"caption\":\"Tania\"},\"logo\":{\"@id\":\"https:\\\/\\\/taniasalla.com\\\/wp-content\\\/uploads\\\/2026\\\/01\\\/TaniaSalla_LOGO.png\"},\"sameAs\":[\"https:\\\/\\\/taniasalla.com\"]}]}<\/script>\n<!-- \/ Yoast SEO plugin. -->","yoast_head_json":{"title":"Datos personales - taniasalla","robots":{"index":"index","follow":"follow","max-snippet":"max-snippet:-1","max-image-preview":"max-image-preview:large","max-video-preview":"max-video-preview:-1"},"canonical":"https:\/\/taniasalla.com\/en\/datos-personales\/","og_locale":"en_GB","og_type":"article","og_title":"Datos personales - taniasalla","og_description":"Informaci\u00f3n General El presente es un aviso de obligada lectura y aceptaci\u00f3n, ya que regula las condiciones de uso que deben ser observadas y respetadas por las empresas y personas usuarias de este SITIO WEBContinue readingDatos personales","og_url":"https:\/\/taniasalla.com\/en\/datos-personales\/","og_site_name":"taniasalla","article_modified_time":"2026-04-06T18:20:10+00:00","twitter_card":"summary_large_image","twitter_misc":{"Estimated reading time":"5 minutes"},"schema":{"@context":"https:\/\/schema.org","@graph":[{"@type":"WebPage","@id":"https:\/\/taniasalla.com\/datos-personales\/","url":"https:\/\/taniasalla.com\/datos-personales\/","name":"Datos personales - taniasalla","isPartOf":{"@id":"https:\/\/taniasalla.com\/#website"},"datePublished":"2026-01-08T11:07:42+00:00","dateModified":"2026-04-06T18:20:10+00:00","breadcrumb":{"@id":"https:\/\/taniasalla.com\/datos-personales\/#breadcrumb"},"inLanguage":"en-GB","potentialAction":[{"@type":"ReadAction","target":["https:\/\/taniasalla.com\/datos-personales\/"]}]},{"@type":"BreadcrumbList","@id":"https:\/\/taniasalla.com\/datos-personales\/#breadcrumb","itemListElement":[{"@type":"ListItem","position":1,"name":"Inicio","item":"https:\/\/taniasalla.com\/"},{"@type":"ListItem","position":2,"name":"Datos personales"}]},{"@type":"WebSite","@id":"https:\/\/taniasalla.com\/#website","url":"https:\/\/taniasalla.com\/","name":"taniasalla","description":"VFX artist - 3D generalist","publisher":{"@id":"https:\/\/taniasalla.com\/#\/schema\/person\/71d727135a561dc03dd65f5cb67dcf76"},"potentialAction":[{"@type":"SearchAction","target":{"@type":"EntryPoint","urlTemplate":"https:\/\/taniasalla.com\/?s={search_term_string}"},"query-input":{"@type":"PropertyValueSpecification","valueRequired":true,"valueName":"search_term_string"}}],"inLanguage":"en-GB"},{"@type":["Person","Organization"],"@id":"https:\/\/taniasalla.com\/#\/schema\/person\/71d727135a561dc03dd65f5cb67dcf76","name":"Tania","image":{"@type":"ImageObject","inLanguage":"en-GB","@id":"https:\/\/taniasalla.com\/wp-content\/uploads\/2026\/01\/TaniaSalla_LOGO.png","url":"https:\/\/taniasalla.com\/wp-content\/uploads\/2026\/01\/TaniaSalla_LOGO.png","contentUrl":"https:\/\/taniasalla.com\/wp-content\/uploads\/2026\/01\/TaniaSalla_LOGO.png","width":976,"height":592,"caption":"Tania"},"logo":{"@id":"https:\/\/taniasalla.com\/wp-content\/uploads\/2026\/01\/TaniaSalla_LOGO.png"},"sameAs":["https:\/\/taniasalla.com"]}]}},"_links":{"self":[{"href":"https:\/\/taniasalla.com\/en\/wp-json\/wp\/v2\/pages\/413","targetHints":{"allow":["GET"]}}],"collection":[{"href":"https:\/\/taniasalla.com\/en\/wp-json\/wp\/v2\/pages"}],"about":[{"href":"https:\/\/taniasalla.com\/en\/wp-json\/wp\/v2\/types\/page"}],"author":[{"embeddable":true,"href":"https:\/\/taniasalla.com\/en\/wp-json\/wp\/v2\/users\/1"}],"replies":[{"embeddable":true,"href":"https:\/\/taniasalla.com\/en\/wp-json\/wp\/v2\/comments?post=413"}],"version-history":[{"count":7,"href":"https:\/\/taniasalla.com\/en\/wp-json\/wp\/v2\/pages\/413\/revisions"}],"predecessor-version":[{"id":1324,"href":"https:\/\/taniasalla.com\/en\/wp-json\/wp\/v2\/pages\/413\/revisions\/1324"}],"wp:attachment":[{"href":"https:\/\/taniasalla.com\/en\/wp-json\/wp\/v2\/media?parent=413"}],"curies":[{"name":"wp","href":"https:\/\/api.w.org\/{rel}","templated":true}]}}