{"id":2,"date":"2024-10-17T19:48:56","date_gmt":"2024-10-17T17:48:56","guid":{"rendered":"https:\/\/taniasalla.com\/?page_id=2"},"modified":"2026-04-14T19:53:47","modified_gmt":"2026-04-14T17:53:47","slug":"unaestrellaconnombre","status":"publish","type":"page","link":"https:\/\/taniasalla.com\/en\/unaestrellaconnombre\/","title":{"rendered":"Una Estrella con Nombre"},"content":{"rendered":"<div class=\"wp-block-columns is-layout-flex wp-container-core-columns-is-layout-9d6595d7 wp-block-columns-is-layout-flex\">\n<div class=\"wp-block-column is-layout-flow wp-block-column-is-layout-flow\" id=\"UECNHERO\">\n<div class=\"wp-block-columns is-layout-flex wp-container-core-columns-is-layout-9d6595d7 wp-block-columns-is-layout-flex\" id=\"UECNHEROWrapper\">\n<div class=\"wp-block-column is-layout-flow wp-block-column-is-layout-flow\" style=\"flex-basis:40%\">\n<h2 class=\"wp-block-heading\" style=\"font-size:70px\">UNA ESTRELLA CON NOMBRE<\/h2>\n\n\n\n<div style=\"height:15px\" aria-hidden=\"true\" class=\"wp-block-spacer\"><\/div>\n\n\n\n<h4 class=\"wp-block-heading\">Un libro que se extiende m\u00e1s all\u00e1 del papel<\/h4>\n\n\n\n<div style=\"height:40px\" aria-hidden=\"true\" class=\"wp-block-spacer\"><\/div>\n\n\n\n<p>El <strong>libro <\/strong>contin\u00faa en tu <strong>pantalla<\/strong>. Descarga la <strong>aplicaci\u00f3n <\/strong>y activa la experiencia en <strong>Realidad Aumentada<\/strong> and <strong>Virtual<\/strong>:<\/p>\n\n\n\n<div class=\"wp-block-buttons is-horizontal is-layout-flex wp-block-buttons-is-layout-flex\">\n<div class=\"wp-block-button BookButton\" id=\"DescargarApp\"><a class=\"wp-block-button__link wp-element-button\" style=\"text-transform:capitalize\">Descargar (pr\u00f3ximamente) <span class=\"wp-rich-text-font-awesome-icon wp-font-awesome-icon\"><svg aria-hidden=\"true\" focusable=\"false\" data-prefix=\"fab\" data-icon=\"google-play\" class=\"svg-inline--fa fa-google-play\" role=\"img\" xmlns=\"http:\/\/www.w3.org\/2000\/svg\" viewbox=\"0 0 448 512\"><path fill=\"currentColor\" d=\"M293.6 234.3L72.9 13 353.7 174.2 293.6 234.3zM15.3 0C2.3 6.8-6.4 19.2-6.4 35.3l0 441.3c0 16.1 8.7 28.5 21.7 35.3L271.9 255.9 15.3 0zM440.5 225.6l-58.9-34.1-65.7 64.5 65.7 64.5 60.1-34.1c18-14.3 18-46.5-1.2-60.8zM72.9 499L353.7 337.8 293.6 277.7 72.9 499z\"><\/path><\/svg><\/span><\/a><\/div>\n\n\n\n<div class=\"wp-block-button BookButton\"><a class=\"wp-block-button__link has-text-align-center wp-element-button\" href=\"https:\/\/libreria.editorialnumancia.com\/juvenil\/307-una-estrella-con-nombre-9791388093951.html\" style=\"text-transform:none\" target=\"_blank\" rel=\"noreferrer noopener\">Comprar el libro <span class=\"wp-rich-text-font-awesome-icon wp-font-awesome-icon\"><svg aria-hidden=\"true\" focusable=\"false\" data-prefix=\"fas\" data-icon=\"arrow-up-right-from-square\" class=\"svg-inline--fa fa-arrow-up-right-from-square\" role=\"img\" xmlns=\"http:\/\/www.w3.org\/2000\/svg\" viewbox=\"0 0 512 512\"><path fill=\"currentColor\" d=\"M320 0c-17.7 0-32 14.3-32 32s14.3 32 32 32l82.7 0-201.4 201.4c-12.5 12.5-12.5 32.8 0 45.3s32.8 12.5 45.3 0L448 109.3 448 192c0 17.7 14.3 32 32 32s32-14.3 32-32l0-160c0-17.7-14.3-32-32-32L320 0zM80 96C35.8 96 0 131.8 0 176L0 432c0 44.2 35.8 80 80 80l256 0c44.2 0 80-35.8 80-80l0-80c0-17.7-14.3-32-32-32s-32 14.3-32 32l0 80c0 8.8-7.2 16-16 16L80 448c-8.8 0-16-7.2-16-16l0-256c0-8.8 7.2-16 16-16l80 0c17.7 0 32-14.3 32-32s-14.3-32-32-32L80 96z\"><\/path><\/svg><\/span><\/a><\/div>\n<\/div>\n<\/div>\n\n\n\n<div class=\"wp-block-column is-layout-flow wp-block-column-is-layout-flow\" style=\"flex-basis:60%\">\n<figure class=\"wp-block-image size-full\"><img loading=\"lazy\" decoding=\"async\" width=\"1429\" height=\"1080\" src=\"https:\/\/taniasalla.com\/wp-content\/uploads\/2026\/04\/UnaEstrellaConNombre_ConApp_Mockup01_web.png\" alt=\"Mockup del Libro Una Estrella con Nombre y Aplicaci\u00f3n\" class=\"wp-image-1333\" srcset=\"https:\/\/taniasalla.com\/wp-content\/uploads\/2026\/04\/UnaEstrellaConNombre_ConApp_Mockup01_web.png 1429w, https:\/\/taniasalla.com\/wp-content\/uploads\/2026\/04\/UnaEstrellaConNombre_ConApp_Mockup01_web-300x227.png 300w, https:\/\/taniasalla.com\/wp-content\/uploads\/2026\/04\/UnaEstrellaConNombre_ConApp_Mockup01_web-1024x774.png 1024w, https:\/\/taniasalla.com\/wp-content\/uploads\/2026\/04\/UnaEstrellaConNombre_ConApp_Mockup01_web-768x580.png 768w, https:\/\/taniasalla.com\/wp-content\/uploads\/2026\/04\/UnaEstrellaConNombre_ConApp_Mockup01_web-16x12.png 16w, https:\/\/taniasalla.com\/wp-content\/uploads\/2026\/04\/UnaEstrellaConNombre_ConApp_Mockup01_web-500x378.png 500w, https:\/\/taniasalla.com\/wp-content\/uploads\/2026\/04\/UnaEstrellaConNombre_ConApp_Mockup01_web-800x605.png 800w, https:\/\/taniasalla.com\/wp-content\/uploads\/2026\/04\/UnaEstrellaConNombre_ConApp_Mockup01_web-1280x967.png 1280w\" sizes=\"auto, (max-width: 1429px) 100vw, 1429px\" \/><\/figure>\n<\/div>\n<\/div>\n<\/div>\n<\/div>\n\n\n\n<div class=\"wp-block-columns is-not-stacked-on-mobile padding0_20 is-layout-flex wp-container-core-columns-is-layout-9d6595d7 wp-block-columns-is-layout-flex\">\n<div class=\"wp-block-column is-layout-flow wp-block-column-is-layout-flow\" style=\"flex-basis:66.66%\"><div class=\"yoast-breadcrumbs\"><span><span><a href=\"https:\/\/taniasalla.com\/en\/\">Home<\/a><\/span> \u00bb <span class=\"breadcrumb_last\" aria-current=\"page\">Una Estrella con Nombre<\/span><\/span><\/div><\/div>\n\n\n\n<div class=\"wp-block-column is-vertically-aligned-center is-layout-flow wp-block-column-is-layout-flow\" style=\"flex-basis:33.33%\">\n<p class=\"has-text-align-right\" style=\"font-size:15px\">Disponible tambi\u00e9n en <a href=\"https:\/\/taniasalla.com\/en\/elnomdunaestrella\/\" type=\"page\" id=\"65\">catal\u00e1n <\/a><\/p>\n<\/div>\n<\/div>\n\n\n\n<div class=\"wp-block-columns is-layout-flex wp-container-core-columns-is-layout-9d6595d7 wp-block-columns-is-layout-flex\">\n<div class=\"wp-block-column padding0_20 is-layout-flow wp-block-column-is-layout-flow\"><\/div>\n<\/div>\n\n\n\n<div style=\"height:100px\" aria-hidden=\"true\" class=\"wp-block-spacer\"><\/div>\n\n\n<div class=\"wp-block-image padding0_50\">\n<figure class=\"aligncenter size-full is-resized\"><img loading=\"lazy\" decoding=\"async\" width=\"1201\" height=\"262\" src=\"https:\/\/taniasalla.com\/wp-content\/uploads\/2026\/02\/UECNMarco.png\" alt=\"Marco separador\" class=\"wp-image-691\" style=\"aspect-ratio:4.584317610302523;width:500px\"\/><\/figure>\n<\/div>\n\n\n<h3 class=\"wp-block-heading has-text-align-center padding0_50\">En el pr\u00f3spero reino de D\u00e9stina la magia no es bienvenida<\/h3>\n\n\n\n<p class=\"has-text-align-center padding0_50\">Una joven bruja vive en los m\u00e1rgenes de la ciudad, ofreciendo sus servicios en silencio\u2026<br>hasta que es acusada del peor de los cr\u00edmenes: hechizar a la princesa heredera.<\/p>\n\n\n\n<p class=\"has-text-align-center padding0_50\">Para demostrar su inocencia, deber\u00e1 emprender un viaje inesperado junto al pr\u00edncipe prometido de la princesa.<br>Un viaje que la marcar\u00e1 en m\u00e1s de un sentido\u2026 incluso puede que la ayude a descubrir qui\u00e9n es realmente.<\/p>\n\n\n\n<h5 class=\"wp-block-heading has-text-align-center padding0_50\">Un cuento para todos aquellos que nunca han dejado de so\u00f1ar<\/h5>\n\n\n<div class=\"wp-block-image padding0_50\">\n<figure class=\"aligncenter size-full is-resized\"><img loading=\"lazy\" decoding=\"async\" width=\"370\" height=\"38\" src=\"https:\/\/taniasalla.com\/wp-content\/uploads\/2026\/02\/UECNSeparador.png\" alt=\"Separador\" class=\"wp-image-695\" style=\"width:300px\"\/><\/figure>\n<\/div>\n\n\n<div style=\"height:100px\" aria-hidden=\"true\" class=\"wp-block-spacer\"><\/div>\n\n\n\n<div class=\"wp-block-columns is-layout-flex wp-container-core-columns-is-layout-9d6595d7 wp-block-columns-is-layout-flex\">\n<div class=\"wp-block-column is-layout-flow wp-block-column-is-layout-flow\" id=\"UECN-section2\">\n<div class=\"wp-block-columns is-layout-flex wp-container-core-columns-is-layout-9d6595d7 wp-block-columns-is-layout-flex\">\n<div class=\"wp-block-column is-layout-flow wp-block-column-is-layout-flow\">\n<figure class=\"wp-block-image size-full\"><img loading=\"lazy\" decoding=\"async\" width=\"1920\" height=\"1920\" src=\"https:\/\/taniasalla.com\/wp-content\/uploads\/2026\/04\/UECN_Mockup_Interior_web.png\" alt=\"Mockup del interior y de las portadas del Libro Una Estrella con Nombre\" class=\"wp-image-1374\" srcset=\"https:\/\/taniasalla.com\/wp-content\/uploads\/2026\/04\/UECN_Mockup_Interior_web.png 1920w, https:\/\/taniasalla.com\/wp-content\/uploads\/2026\/04\/UECN_Mockup_Interior_web-300x300.png 300w, https:\/\/taniasalla.com\/wp-content\/uploads\/2026\/04\/UECN_Mockup_Interior_web-1024x1024.png 1024w, https:\/\/taniasalla.com\/wp-content\/uploads\/2026\/04\/UECN_Mockup_Interior_web-150x150.png 150w, https:\/\/taniasalla.com\/wp-content\/uploads\/2026\/04\/UECN_Mockup_Interior_web-768x768.png 768w, https:\/\/taniasalla.com\/wp-content\/uploads\/2026\/04\/UECN_Mockup_Interior_web-1536x1536.png 1536w, https:\/\/taniasalla.com\/wp-content\/uploads\/2026\/04\/UECN_Mockup_Interior_web-12x12.png 12w, https:\/\/taniasalla.com\/wp-content\/uploads\/2026\/04\/UECN_Mockup_Interior_web-500x500.png 500w, https:\/\/taniasalla.com\/wp-content\/uploads\/2026\/04\/UECN_Mockup_Interior_web-800x800.png 800w, https:\/\/taniasalla.com\/wp-content\/uploads\/2026\/04\/UECN_Mockup_Interior_web-1280x1280.png 1280w, https:\/\/taniasalla.com\/wp-content\/uploads\/2026\/04\/UECN_Mockup_Interior_web-825x825.png 825w, https:\/\/taniasalla.com\/wp-content\/uploads\/2026\/04\/UECN_Mockup_Interior_web-100x100.png 100w\" sizes=\"auto, (max-width: 1920px) 100vw, 1920px\" \/><\/figure>\n<\/div>\n\n\n\n<div class=\"wp-block-column is-layout-flow wp-block-column-is-layout-flow\">\n<div style=\"height:50px\" aria-hidden=\"true\" class=\"wp-block-spacer\"><\/div>\n\n\n\n<h2 class=\"wp-block-heading\">Una edici\u00f3n ilustrada creada \u00edntegramente por la autora<\/h2>\n\n\n\n<div style=\"height:15px\" aria-hidden=\"true\" class=\"wp-block-spacer\"><\/div>\n\n\n\n<p>Cada escena ha sido dise\u00f1ada para funcionar tanto en papel como en su versi\u00f3n digital expandida, incluyendo:<\/p>\n\n\n\n<ul class=\"wp-block-list\">\n<li>Ilustraciones originales<\/li>\n\n\n\n<li>Maquetaci\u00f3n editorial propia<\/li>\n\n\n\n<li>Dise\u00f1o visual coherente con el universo narrativo<\/li>\n<\/ul>\n\n\n\n<div style=\"height:50px\" aria-hidden=\"true\" class=\"wp-block-spacer\"><\/div>\n<\/div>\n<\/div>\n<\/div>\n<\/div>\n\n\n\n<div class=\"wp-block-columns is-layout-flex wp-container-core-columns-is-layout-9d6595d7 wp-block-columns-is-layout-flex\">\n<div class=\"wp-block-column padding_0_150 is-layout-flow wp-block-column-is-layout-flow\" id=\"UECN-section3\">\n<div class=\"wp-block-columns is-layout-flex wp-container-core-columns-is-layout-9d6595d7 wp-block-columns-is-layout-flex\">\n<div class=\"wp-block-column is-layout-flow wp-block-column-is-layout-flow\" style=\"flex-basis:40%\">\n<div style=\"height:50px\" aria-hidden=\"true\" class=\"wp-block-spacer\"><\/div>\n\n\n\n<h2 class=\"wp-block-heading\">El libro contin\u00faa en el espacio digital<\/h2>\n\n\n\n<p>A trav\u00e9s de una <strong>aplicaci\u00f3n m\u00f3vil<\/strong> desarrollada en paralelo al proyecto editorial, las ilustraciones cobran vida en 3D mediante tecnolog\u00eda de <strong>Realidad Aumentada<\/strong>.<\/p>\n\n\n\n<p>Al escanear determinadas p\u00e1ginas, el lector puede ver c\u00f3mo las escenas se despliegan fuera del papel, ampliando la narrativa visual.<\/p>\n\n\n\n<p>La aplicaci\u00f3n tambi\u00e9n incluye un modo de <strong>Realidad Virtual <\/strong>que permite una <strong>inmersi\u00f3n<\/strong> completa en el universo de la historia. Al colocar el dispositivo en un visor adaptado, el lector puede sentirse dentro del mundo de D\u00e9stina.<\/p>\n\n\n\n<div style=\"height:50px\" aria-hidden=\"true\" class=\"wp-block-spacer\"><\/div>\n<\/div>\n\n\n\n<div class=\"wp-block-column is-layout-flow wp-block-column-is-layout-flow\" style=\"flex-basis:60%\">\n<figure class=\"wp-block-image size-full\"><img loading=\"lazy\" decoding=\"async\" width=\"2560\" height=\"1845\" src=\"https:\/\/taniasalla.com\/wp-content\/uploads\/2026\/04\/Mockup_AR_web.png\" alt=\"Muestra de Realidad Aumentada sobre el Libro Una Estrella con Nombre\" class=\"wp-image-1382\" srcset=\"https:\/\/taniasalla.com\/wp-content\/uploads\/2026\/04\/Mockup_AR_web.png 2560w, https:\/\/taniasalla.com\/wp-content\/uploads\/2026\/04\/Mockup_AR_web-300x216.png 300w, https:\/\/taniasalla.com\/wp-content\/uploads\/2026\/04\/Mockup_AR_web-1024x738.png 1024w, https:\/\/taniasalla.com\/wp-content\/uploads\/2026\/04\/Mockup_AR_web-768x554.png 768w, https:\/\/taniasalla.com\/wp-content\/uploads\/2026\/04\/Mockup_AR_web-1536x1107.png 1536w, https:\/\/taniasalla.com\/wp-content\/uploads\/2026\/04\/Mockup_AR_web-2048x1476.png 2048w, https:\/\/taniasalla.com\/wp-content\/uploads\/2026\/04\/Mockup_AR_web-18x12.png 18w, https:\/\/taniasalla.com\/wp-content\/uploads\/2026\/04\/Mockup_AR_web-500x360.png 500w, https:\/\/taniasalla.com\/wp-content\/uploads\/2026\/04\/Mockup_AR_web-800x577.png 800w, https:\/\/taniasalla.com\/wp-content\/uploads\/2026\/04\/Mockup_AR_web-1280x923.png 1280w, https:\/\/taniasalla.com\/wp-content\/uploads\/2026\/04\/Mockup_AR_web-1920x1384.png 1920w\" sizes=\"auto, (max-width: 2560px) 100vw, 2560px\" \/><\/figure>\n<\/div>\n<\/div>\n<\/div>\n<\/div>\n\n\n\n<div style=\"height:50px\" aria-hidden=\"true\" class=\"wp-block-spacer\"><\/div>\n\n\n\n<div class=\"wp-block-columns is-layout-flex wp-container-core-columns-is-layout-9d6595d7 wp-block-columns-is-layout-flex\" id=\"UECN-section4\">\n<div class=\"wp-block-column is-layout-flow wp-block-column-is-layout-flow\">\n<div style=\"height:50px\" aria-hidden=\"true\" class=\"wp-block-spacer\"><\/div>\n\n\n\n<h2 class=\"wp-block-heading has-text-align-center\">As\u00ed se vive la experiencia<\/h2>\n\n\n\n<div style=\"height:30px\" aria-hidden=\"true\" class=\"wp-block-spacer\"><\/div>\n\n\n\n<figure class=\"wp-block-embed aligncenter is-type-video is-provider-youtube wp-block-embed-youtube wp-embed-aspect-16-9 wp-has-aspect-ratio\"><div class=\"wp-block-embed__wrapper\">\n<iframe loading=\"lazy\" title=\"Una Estrella con Nombre - Aplicaci\u00f3n del Libro con Realidad Aumentada y Virtual\" width=\"940\" height=\"529\" src=\"https:\/\/www.youtube.com\/embed\/0ENMwwGmJDI?feature=oembed\" frameborder=\"0\" allow=\"accelerometer; autoplay; clipboard-write; encrypted-media; gyroscope; picture-in-picture; web-share\" referrerpolicy=\"strict-origin-when-cross-origin\" allowfullscreen><\/iframe>\n<\/div><\/figure>\n\n\n\n<div style=\"height:30px\" aria-hidden=\"true\" class=\"wp-block-spacer\"><\/div>\n\n\n\n<div class=\"wp-block-buttons is-horizontal is-content-justification-center is-layout-flex wp-container-core-buttons-is-layout-ddb39544 wp-block-buttons-is-layout-flex\">\n<div class=\"wp-block-button\"><a class=\"wp-block-button__link has-text-align-center wp-element-button\" href=\"https:\/\/libreria.editorialnumancia.com\/juvenil\/307-una-estrella-con-nombre-9791388093951.html\" style=\"text-transform:none\" target=\"_blank\" rel=\"noreferrer noopener\">Comprar el libro <span class=\"wp-rich-text-font-awesome-icon wp-font-awesome-icon\"><svg aria-hidden=\"true\" focusable=\"false\" data-prefix=\"fas\" data-icon=\"arrow-up-right-from-square\" class=\"svg-inline--fa fa-arrow-up-right-from-square\" role=\"img\" xmlns=\"http:\/\/www.w3.org\/2000\/svg\" viewbox=\"0 0 512 512\"><path fill=\"currentColor\" d=\"M320 0c-17.7 0-32 14.3-32 32s14.3 32 32 32l82.7 0-201.4 201.4c-12.5 12.5-12.5 32.8 0 45.3s32.8 12.5 45.3 0L448 109.3 448 192c0 17.7 14.3 32 32 32s32-14.3 32-32l0-160c0-17.7-14.3-32-32-32L320 0zM80 96C35.8 96 0 131.8 0 176L0 432c0 44.2 35.8 80 80 80l256 0c44.2 0 80-35.8 80-80l0-80c0-17.7-14.3-32-32-32s-32 14.3-32 32l0 80c0 8.8-7.2 16-16 16L80 448c-8.8 0-16-7.2-16-16l0-256c0-8.8 7.2-16 16-16l80 0c17.7 0 32-14.3 32-32s-14.3-32-32-32L80 96z\"><\/path><\/svg><\/span><\/a><\/div>\n<\/div>\n\n\n\n<div style=\"height:100px\" aria-hidden=\"true\" class=\"wp-block-spacer\"><\/div>\n<\/div>\n<\/div>","protected":false},"excerpt":{"rendered":"<p>UNA ESTRELLA CON NOMBRE Un libro que se extiende m\u00e1s all\u00e1 del papel El libro contin\u00faa en tu pantalla. Descarga la aplicaci\u00f3n y activa la experiencia en Realidad Aumentada y Virtual: Disponible tambi\u00e9n en catal\u00e1n<span class=\"more-button\"><a href=\"https:\/\/taniasalla.com\/en\/unaestrellaconnombre\/\" class=\"more-link\">Continue reading<span class=\"screen-reader-text\">Una Estrella con Nombre<\/span><i class=\"fa fa-angle-right\" aria-hidden=\"true\"><\/i><\/a><\/span><\/p>","protected":false},"author":1,"featured_media":26,"parent":0,"menu_order":0,"comment_status":"closed","ping_status":"open","template":"","meta":{"_vp_format_video_url":"","_vp_image_focal_point":[],"footnotes":""},"class_list":["post-2","page","type-page","status-publish","has-post-thumbnail","hentry"],"yoast_head":"<!-- This site is optimized with the Yoast SEO plugin v27.4 - https:\/\/yoast.com\/product\/yoast-seo-wordpress\/ -->\n<title>Una Estrella con Nombre - taniasalla<\/title>\n<meta name=\"robots\" content=\"index, follow, max-snippet:-1, max-image-preview:large, max-video-preview:-1\" \/>\n<link rel=\"canonical\" href=\"https:\/\/taniasalla.com\/en\/unaestrellaconnombre\/\" \/>\n<meta property=\"og:locale\" content=\"en_GB\" \/>\n<meta property=\"og:type\" content=\"article\" \/>\n<meta property=\"og:title\" content=\"Una Estrella con Nombre - taniasalla\" \/>\n<meta property=\"og:description\" content=\"UNA ESTRELLA CON NOMBRE Un libro que se extiende m\u00e1s all\u00e1 del papel El libro contin\u00faa en tu pantalla. Descarga la aplicaci\u00f3n y activa la experiencia en Realidad Aumentada y Virtual: Disponible tambi\u00e9n en catal\u00e1nContinue readingUna Estrella con Nombre\" \/>\n<meta property=\"og:url\" content=\"https:\/\/taniasalla.com\/en\/unaestrellaconnombre\/\" \/>\n<meta property=\"og:site_name\" content=\"taniasalla\" \/>\n<meta property=\"article:modified_time\" content=\"2026-04-14T17:53:47+00:00\" \/>\n<meta property=\"og:image\" content=\"https:\/\/taniasalla.com\/wp-content\/uploads\/2024\/10\/UECN_Portada.jpg\" \/>\n\t<meta property=\"og:image:width\" content=\"1920\" \/>\n\t<meta property=\"og:image:height\" content=\"1080\" \/>\n\t<meta property=\"og:image:type\" content=\"image\/jpeg\" \/>\n<meta name=\"twitter:card\" content=\"summary_large_image\" \/>\n<meta name=\"twitter:label1\" content=\"Estimated reading time\" \/>\n\t<meta name=\"twitter:data1\" content=\"3 minutes\" \/>\n<script type=\"application\/ld+json\" class=\"yoast-schema-graph\">{\"@context\":\"https:\\\/\\\/schema.org\",\"@graph\":[{\"@type\":\"WebPage\",\"@id\":\"https:\\\/\\\/taniasalla.com\\\/unaestrellaconnombre\\\/\",\"url\":\"https:\\\/\\\/taniasalla.com\\\/unaestrellaconnombre\\\/\",\"name\":\"Una Estrella con Nombre - taniasalla\",\"isPartOf\":{\"@id\":\"https:\\\/\\\/taniasalla.com\\\/#website\"},\"primaryImageOfPage\":{\"@id\":\"https:\\\/\\\/taniasalla.com\\\/unaestrellaconnombre\\\/#primaryimage\"},\"image\":{\"@id\":\"https:\\\/\\\/taniasalla.com\\\/unaestrellaconnombre\\\/#primaryimage\"},\"thumbnailUrl\":\"https:\\\/\\\/taniasalla.com\\\/wp-content\\\/uploads\\\/2024\\\/10\\\/UECN_Portada.jpg\",\"datePublished\":\"2024-10-17T17:48:56+00:00\",\"dateModified\":\"2026-04-14T17:53:47+00:00\",\"breadcrumb\":{\"@id\":\"https:\\\/\\\/taniasalla.com\\\/unaestrellaconnombre\\\/#breadcrumb\"},\"inLanguage\":\"en-GB\",\"potentialAction\":[{\"@type\":\"ReadAction\",\"target\":[\"https:\\\/\\\/taniasalla.com\\\/unaestrellaconnombre\\\/\"]}]},{\"@type\":\"ImageObject\",\"inLanguage\":\"en-GB\",\"@id\":\"https:\\\/\\\/taniasalla.com\\\/unaestrellaconnombre\\\/#primaryimage\",\"url\":\"https:\\\/\\\/taniasalla.com\\\/wp-content\\\/uploads\\\/2024\\\/10\\\/UECN_Portada.jpg\",\"contentUrl\":\"https:\\\/\\\/taniasalla.com\\\/wp-content\\\/uploads\\\/2024\\\/10\\\/UECN_Portada.jpg\",\"width\":1920,\"height\":1080,\"caption\":\"Cabecera que contiene la portada de Una Estrella con Nombre\"},{\"@type\":\"BreadcrumbList\",\"@id\":\"https:\\\/\\\/taniasalla.com\\\/unaestrellaconnombre\\\/#breadcrumb\",\"itemListElement\":[{\"@type\":\"ListItem\",\"position\":1,\"name\":\"Inicio\",\"item\":\"https:\\\/\\\/taniasalla.com\\\/\"},{\"@type\":\"ListItem\",\"position\":2,\"name\":\"Una Estrella con Nombre\"}]},{\"@type\":\"WebSite\",\"@id\":\"https:\\\/\\\/taniasalla.com\\\/#website\",\"url\":\"https:\\\/\\\/taniasalla.com\\\/\",\"name\":\"taniasalla\",\"description\":\"VFX artist - 3D generalist\",\"publisher\":{\"@id\":\"https:\\\/\\\/taniasalla.com\\\/#\\\/schema\\\/person\\\/71d727135a561dc03dd65f5cb67dcf76\"},\"potentialAction\":[{\"@type\":\"SearchAction\",\"target\":{\"@type\":\"EntryPoint\",\"urlTemplate\":\"https:\\\/\\\/taniasalla.com\\\/?s={search_term_string}\"},\"query-input\":{\"@type\":\"PropertyValueSpecification\",\"valueRequired\":true,\"valueName\":\"search_term_string\"}}],\"inLanguage\":\"en-GB\"},{\"@type\":[\"Person\",\"Organization\"],\"@id\":\"https:\\\/\\\/taniasalla.com\\\/#\\\/schema\\\/person\\\/71d727135a561dc03dd65f5cb67dcf76\",\"name\":\"Tania\",\"image\":{\"@type\":\"ImageObject\",\"inLanguage\":\"en-GB\",\"@id\":\"https:\\\/\\\/taniasalla.com\\\/wp-content\\\/uploads\\\/2026\\\/01\\\/TaniaSalla_LOGO.png\",\"url\":\"https:\\\/\\\/taniasalla.com\\\/wp-content\\\/uploads\\\/2026\\\/01\\\/TaniaSalla_LOGO.png\",\"contentUrl\":\"https:\\\/\\\/taniasalla.com\\\/wp-content\\\/uploads\\\/2026\\\/01\\\/TaniaSalla_LOGO.png\",\"width\":976,\"height\":592,\"caption\":\"Tania\"},\"logo\":{\"@id\":\"https:\\\/\\\/taniasalla.com\\\/wp-content\\\/uploads\\\/2026\\\/01\\\/TaniaSalla_LOGO.png\"},\"sameAs\":[\"https:\\\/\\\/taniasalla.com\"]}]}<\/script>\n<!-- \/ Yoast SEO plugin. -->","yoast_head_json":{"title":"Una Estrella con Nombre - taniasalla","robots":{"index":"index","follow":"follow","max-snippet":"max-snippet:-1","max-image-preview":"max-image-preview:large","max-video-preview":"max-video-preview:-1"},"canonical":"https:\/\/taniasalla.com\/en\/unaestrellaconnombre\/","og_locale":"en_GB","og_type":"article","og_title":"Una Estrella con Nombre - taniasalla","og_description":"UNA ESTRELLA CON NOMBRE Un libro que se extiende m\u00e1s all\u00e1 del papel El libro contin\u00faa en tu pantalla. Descarga la aplicaci\u00f3n y activa la experiencia en Realidad Aumentada y Virtual: Disponible tambi\u00e9n en catal\u00e1nContinue readingUna Estrella con Nombre","og_url":"https:\/\/taniasalla.com\/en\/unaestrellaconnombre\/","og_site_name":"taniasalla","article_modified_time":"2026-04-14T17:53:47+00:00","og_image":[{"width":1920,"height":1080,"url":"https:\/\/taniasalla.com\/wp-content\/uploads\/2024\/10\/UECN_Portada.jpg","type":"image\/jpeg"}],"twitter_card":"summary_large_image","twitter_misc":{"Estimated reading time":"3 minutes"},"schema":{"@context":"https:\/\/schema.org","@graph":[{"@type":"WebPage","@id":"https:\/\/taniasalla.com\/unaestrellaconnombre\/","url":"https:\/\/taniasalla.com\/unaestrellaconnombre\/","name":"Una Estrella con Nombre - taniasalla","isPartOf":{"@id":"https:\/\/taniasalla.com\/#website"},"primaryImageOfPage":{"@id":"https:\/\/taniasalla.com\/unaestrellaconnombre\/#primaryimage"},"image":{"@id":"https:\/\/taniasalla.com\/unaestrellaconnombre\/#primaryimage"},"thumbnailUrl":"https:\/\/taniasalla.com\/wp-content\/uploads\/2024\/10\/UECN_Portada.jpg","datePublished":"2024-10-17T17:48:56+00:00","dateModified":"2026-04-14T17:53:47+00:00","breadcrumb":{"@id":"https:\/\/taniasalla.com\/unaestrellaconnombre\/#breadcrumb"},"inLanguage":"en-GB","potentialAction":[{"@type":"ReadAction","target":["https:\/\/taniasalla.com\/unaestrellaconnombre\/"]}]},{"@type":"ImageObject","inLanguage":"en-GB","@id":"https:\/\/taniasalla.com\/unaestrellaconnombre\/#primaryimage","url":"https:\/\/taniasalla.com\/wp-content\/uploads\/2024\/10\/UECN_Portada.jpg","contentUrl":"https:\/\/taniasalla.com\/wp-content\/uploads\/2024\/10\/UECN_Portada.jpg","width":1920,"height":1080,"caption":"Cabecera que contiene la portada de Una Estrella con Nombre"},{"@type":"BreadcrumbList","@id":"https:\/\/taniasalla.com\/unaestrellaconnombre\/#breadcrumb","itemListElement":[{"@type":"ListItem","position":1,"name":"Inicio","item":"https:\/\/taniasalla.com\/"},{"@type":"ListItem","position":2,"name":"Una Estrella con Nombre"}]},{"@type":"WebSite","@id":"https:\/\/taniasalla.com\/#website","url":"https:\/\/taniasalla.com\/","name":"taniasalla","description":"VFX artist - 3D generalist","publisher":{"@id":"https:\/\/taniasalla.com\/#\/schema\/person\/71d727135a561dc03dd65f5cb67dcf76"},"potentialAction":[{"@type":"SearchAction","target":{"@type":"EntryPoint","urlTemplate":"https:\/\/taniasalla.com\/?s={search_term_string}"},"query-input":{"@type":"PropertyValueSpecification","valueRequired":true,"valueName":"search_term_string"}}],"inLanguage":"en-GB"},{"@type":["Person","Organization"],"@id":"https:\/\/taniasalla.com\/#\/schema\/person\/71d727135a561dc03dd65f5cb67dcf76","name":"Tania","image":{"@type":"ImageObject","inLanguage":"en-GB","@id":"https:\/\/taniasalla.com\/wp-content\/uploads\/2026\/01\/TaniaSalla_LOGO.png","url":"https:\/\/taniasalla.com\/wp-content\/uploads\/2026\/01\/TaniaSalla_LOGO.png","contentUrl":"https:\/\/taniasalla.com\/wp-content\/uploads\/2026\/01\/TaniaSalla_LOGO.png","width":976,"height":592,"caption":"Tania"},"logo":{"@id":"https:\/\/taniasalla.com\/wp-content\/uploads\/2026\/01\/TaniaSalla_LOGO.png"},"sameAs":["https:\/\/taniasalla.com"]}]}},"_links":{"self":[{"href":"https:\/\/taniasalla.com\/en\/wp-json\/wp\/v2\/pages\/2","targetHints":{"allow":["GET"]}}],"collection":[{"href":"https:\/\/taniasalla.com\/en\/wp-json\/wp\/v2\/pages"}],"about":[{"href":"https:\/\/taniasalla.com\/en\/wp-json\/wp\/v2\/types\/page"}],"author":[{"embeddable":true,"href":"https:\/\/taniasalla.com\/en\/wp-json\/wp\/v2\/users\/1"}],"replies":[{"embeddable":true,"href":"https:\/\/taniasalla.com\/en\/wp-json\/wp\/v2\/comments?post=2"}],"version-history":[{"count":78,"href":"https:\/\/taniasalla.com\/en\/wp-json\/wp\/v2\/pages\/2\/revisions"}],"predecessor-version":[{"id":1383,"href":"https:\/\/taniasalla.com\/en\/wp-json\/wp\/v2\/pages\/2\/revisions\/1383"}],"wp:featuredmedia":[{"embeddable":true,"href":"https:\/\/taniasalla.com\/en\/wp-json\/wp\/v2\/media\/26"}],"wp:attachment":[{"href":"https:\/\/taniasalla.com\/en\/wp-json\/wp\/v2\/media?parent=2"}],"curies":[{"name":"wp","href":"https:\/\/api.w.org\/{rel}","templated":true}]}}